{"id":7604,"date":"2024-05-07T11:31:08","date_gmt":"2024-05-07T09:31:08","guid":{"rendered":"https:\/\/komed.hr\/proizvod\/biotone-agar-tryptose\/"},"modified":"2024-05-07T11:31:08","modified_gmt":"2024-05-07T09:31:08","slug":"biotone-agar-tryptose","status":"publish","type":"product","link":"https:\/\/komed.hr\/en\/proizvod\/biotone-agar-tryptose\/","title":{"rendered":"BIOTONE AGAR (TRYPTOSE)"},"content":{"rendered":"<p>   20 slanted tubes<\/p>\n","protected":false},"excerpt":{"rendered":"<p><a class=\"button  button_left button_size_2\" href=\"https:\/\/gest.joyadv.it\/public\/cartellina-allegati-schede-certificazioni\/schede-tecniche-inglese\/TS-551145.pdf\"     target=\"_blank\"    title=\"\"><span class=\"button_icon\"><i class=\"icon-acrobat\"  aria-hidden=\"true\"><\/i><\/span><span class=\"button_label\">eIFU Download<\/span><\/a>\n<br \/>\n <a class=\"button  button_left button_size_2\" href=\"https:\/\/gest.joyadv.it\/public\/cartellina-allegati-schede-certificazioni\/schede-sicurezza-inglese\/SSE-551145.pdf\"     target=\"_blank\"    title=\"\"><span class=\"button_icon\"><i class=\"icon-acrobat\"  aria-hidden=\"true\"><\/i><\/span><span class=\"button_label\">SDS Download<\/span><\/a>\n<\/p>\n","protected":false},"featured_media":0,"template":"","meta":[],"product_brand":[],"product_cat":[236],"product_tag":[],"class_list":{"0":"post-7604","1":"product","2":"type-product","3":"status-publish","5":"product_cat-podloge-u-epruvetama-en","7":"first","8":"instock","9":"shipping-taxable","10":"purchasable","11":"product-type-simple"},"yoast_head":"<!-- This site is optimized with the Yoast SEO plugin v26.2 - https:\/\/yoast.com\/wordpress\/plugins\/seo\/ -->\n<title>BIOTONE AGAR (TRYPTOSE) - Komed<\/title>\n<meta name=\"description\" content=\"Komed i druge proizvode za laboratorijske proizvode prona\u0111ite u KOMED-u, za iste mo\u017eete zatra\u017eiti online ponudu! \u0160aljemo po cijeloj Hrvatskoj i zemljama u okru\u017eenju.\" \/>\n<meta name=\"robots\" content=\"index, follow, max-snippet:-1, max-image-preview:large, max-video-preview:-1\" \/>\n<link rel=\"canonical\" href=\"https:\/\/komed.hr\/en\/proizvod\/biotone-agar-tryptose\/\" \/>\n<meta property=\"og:locale\" content=\"en_US\" \/>\n<meta property=\"og:type\" content=\"article\" \/>\n<meta property=\"og:title\" content=\"BIOTONE AGAR (TRYPTOSE) - Komed\" \/>\n<meta property=\"og:description\" content=\"Komed i druge proizvode za laboratorijske proizvode prona\u0111ite u KOMED-u, za iste mo\u017eete zatra\u017eiti online ponudu! \u0160aljemo po cijeloj Hrvatskoj i zemljama u okru\u017eenju.\" \/>\n<meta property=\"og:url\" content=\"https:\/\/komed.hr\/en\/proizvod\/biotone-agar-tryptose\/\" \/>\n<meta property=\"og:site_name\" content=\"Komed\" \/>\n<meta property=\"article:publisher\" content=\"https:\/\/www.facebook.com\/komed.hr\" \/>\n<meta property=\"og:image\" content=\"https:\/\/komed.hr\/wp-content\/uploads\/2024\/05\/Generalna-slika-KOMED-a-za-meta-image.png\" \/>\n\t<meta property=\"og:image:width\" content=\"1200\" \/>\n\t<meta property=\"og:image:height\" content=\"675\" \/>\n\t<meta property=\"og:image:type\" content=\"image\/png\" \/>\n<meta name=\"twitter:card\" content=\"summary_large_image\" \/>\n<script type=\"application\/ld+json\" class=\"yoast-schema-graph\">{\"@context\":\"https:\/\/schema.org\",\"@graph\":[{\"@type\":\"WebPage\",\"@id\":\"https:\/\/komed.hr\/en\/proizvod\/biotone-agar-tryptose\/\",\"url\":\"https:\/\/komed.hr\/en\/proizvod\/biotone-agar-tryptose\/\",\"name\":\"BIOTONE AGAR (TRYPTOSE) - Komed\",\"isPartOf\":{\"@id\":\"https:\/\/komed.hr\/#website\"},\"datePublished\":\"2024-05-07T09:31:08+00:00\",\"description\":\"Komed i druge proizvode za laboratorijske proizvode prona\u0111ite u KOMED-u, za iste mo\u017eete zatra\u017eiti online ponudu! \u0160aljemo po cijeloj Hrvatskoj i zemljama u okru\u017eenju.\",\"breadcrumb\":{\"@id\":\"https:\/\/komed.hr\/en\/proizvod\/biotone-agar-tryptose\/#breadcrumb\"},\"inLanguage\":\"en-US\",\"potentialAction\":[{\"@type\":\"ReadAction\",\"target\":[\"https:\/\/komed.hr\/en\/proizvod\/biotone-agar-tryptose\/\"]}]},{\"@type\":\"BreadcrumbList\",\"@id\":\"https:\/\/komed.hr\/en\/proizvod\/biotone-agar-tryptose\/#breadcrumb\",\"itemListElement\":[{\"@type\":\"ListItem\",\"position\":1,\"name\":\"Po\u010detna stranica\",\"item\":\"https:\/\/komed.hr\/de\/\"},{\"@type\":\"ListItem\",\"position\":2,\"name\":\"The market\",\"item\":\"https:\/\/komed.hr\/the-market\/\"},{\"@type\":\"ListItem\",\"position\":3,\"name\":\"BIOTONE AGAR (TRYPTOSE)\"}]},{\"@type\":\"WebSite\",\"@id\":\"https:\/\/komed.hr\/#website\",\"url\":\"https:\/\/komed.hr\/\",\"name\":\"Komed - Proizvodnja i prodaja laboratorijskihj dijagnosti\u010dkih sredstava, pribora i opreme\",\"description\":\"Proizvodnja i prodaja mikrobiolo\u0161kih podloga, dehidriranih podloga, brzih identifikacijskih testova i laboratorijskog pribora.\",\"publisher\":{\"@id\":\"https:\/\/komed.hr\/#organization\"},\"alternateName\":\"KOMED\",\"potentialAction\":[{\"@type\":\"SearchAction\",\"target\":{\"@type\":\"EntryPoint\",\"urlTemplate\":\"https:\/\/komed.hr\/?s={search_term_string}\"},\"query-input\":{\"@type\":\"PropertyValueSpecification\",\"valueRequired\":true,\"valueName\":\"search_term_string\"}}],\"inLanguage\":\"en-US\"},{\"@type\":\"Organization\",\"@id\":\"https:\/\/komed.hr\/#organization\",\"name\":\"Komed - Proizvodnja i prodaja laboratorijskihj dijagnosti\u010dkih sredstava, pribora i opreme\",\"alternateName\":\"KOMED d.o.o.\",\"url\":\"https:\/\/komed.hr\/\",\"logo\":{\"@type\":\"ImageObject\",\"inLanguage\":\"en-US\",\"@id\":\"https:\/\/komed.hr\/#\/schema\/logo\/image\/\",\"url\":\"https:\/\/komed.hr\/wp-content\/uploads\/2024\/05\/Generalna-logo-KOMED-a.png\",\"contentUrl\":\"https:\/\/komed.hr\/wp-content\/uploads\/2024\/05\/Generalna-logo-KOMED-a.png\",\"width\":696,\"height\":696,\"caption\":\"Komed - Proizvodnja i prodaja laboratorijskihj dijagnosti\u010dkih sredstava, pribora i opreme\"},\"image\":{\"@id\":\"https:\/\/komed.hr\/#\/schema\/logo\/image\/\"},\"sameAs\":[\"https:\/\/www.facebook.com\/komed.hr\",\"https:\/\/www.linkedin.com\/company\/komed-croatia\/\",\"https:\/\/instagram.com\/komed.hr\"]}]}<\/script>\n<!-- \/ Yoast SEO plugin. -->","yoast_head_json":{"title":"BIOTONE AGAR (TRYPTOSE) - Komed","description":"Komed i druge proizvode za laboratorijske proizvode prona\u0111ite u KOMED-u, za iste mo\u017eete zatra\u017eiti online ponudu! \u0160aljemo po cijeloj Hrvatskoj i zemljama u okru\u017eenju.","robots":{"index":"index","follow":"follow","max-snippet":"max-snippet:-1","max-image-preview":"max-image-preview:large","max-video-preview":"max-video-preview:-1"},"canonical":"https:\/\/komed.hr\/en\/proizvod\/biotone-agar-tryptose\/","og_locale":"en_US","og_type":"article","og_title":"BIOTONE AGAR (TRYPTOSE) - Komed","og_description":"Komed i druge proizvode za laboratorijske proizvode prona\u0111ite u KOMED-u, za iste mo\u017eete zatra\u017eiti online ponudu! \u0160aljemo po cijeloj Hrvatskoj i zemljama u okru\u017eenju.","og_url":"https:\/\/komed.hr\/en\/proizvod\/biotone-agar-tryptose\/","og_site_name":"Komed","article_publisher":"https:\/\/www.facebook.com\/komed.hr","og_image":[{"width":1200,"height":675,"url":"https:\/\/komed.hr\/wp-content\/uploads\/2024\/05\/Generalna-slika-KOMED-a-za-meta-image.png","type":"image\/png"}],"twitter_card":"summary_large_image","schema":{"@context":"https:\/\/schema.org","@graph":[{"@type":"WebPage","@id":"https:\/\/komed.hr\/en\/proizvod\/biotone-agar-tryptose\/","url":"https:\/\/komed.hr\/en\/proizvod\/biotone-agar-tryptose\/","name":"BIOTONE AGAR (TRYPTOSE) - Komed","isPartOf":{"@id":"https:\/\/komed.hr\/#website"},"datePublished":"2024-05-07T09:31:08+00:00","description":"Komed i druge proizvode za laboratorijske proizvode prona\u0111ite u KOMED-u, za iste mo\u017eete zatra\u017eiti online ponudu! \u0160aljemo po cijeloj Hrvatskoj i zemljama u okru\u017eenju.","breadcrumb":{"@id":"https:\/\/komed.hr\/en\/proizvod\/biotone-agar-tryptose\/#breadcrumb"},"inLanguage":"en-US","potentialAction":[{"@type":"ReadAction","target":["https:\/\/komed.hr\/en\/proizvod\/biotone-agar-tryptose\/"]}]},{"@type":"BreadcrumbList","@id":"https:\/\/komed.hr\/en\/proizvod\/biotone-agar-tryptose\/#breadcrumb","itemListElement":[{"@type":"ListItem","position":1,"name":"Po\u010detna stranica","item":"https:\/\/komed.hr\/de\/"},{"@type":"ListItem","position":2,"name":"The market","item":"https:\/\/komed.hr\/the-market\/"},{"@type":"ListItem","position":3,"name":"BIOTONE AGAR (TRYPTOSE)"}]},{"@type":"WebSite","@id":"https:\/\/komed.hr\/#website","url":"https:\/\/komed.hr\/","name":"Komed - Proizvodnja i prodaja laboratorijskihj dijagnosti\u010dkih sredstava, pribora i opreme","description":"Proizvodnja i prodaja mikrobiolo\u0161kih podloga, dehidriranih podloga, brzih identifikacijskih testova i laboratorijskog pribora.","publisher":{"@id":"https:\/\/komed.hr\/#organization"},"alternateName":"KOMED","potentialAction":[{"@type":"SearchAction","target":{"@type":"EntryPoint","urlTemplate":"https:\/\/komed.hr\/?s={search_term_string}"},"query-input":{"@type":"PropertyValueSpecification","valueRequired":true,"valueName":"search_term_string"}}],"inLanguage":"en-US"},{"@type":"Organization","@id":"https:\/\/komed.hr\/#organization","name":"Komed - Proizvodnja i prodaja laboratorijskihj dijagnosti\u010dkih sredstava, pribora i opreme","alternateName":"KOMED d.o.o.","url":"https:\/\/komed.hr\/","logo":{"@type":"ImageObject","inLanguage":"en-US","@id":"https:\/\/komed.hr\/#\/schema\/logo\/image\/","url":"https:\/\/komed.hr\/wp-content\/uploads\/2024\/05\/Generalna-logo-KOMED-a.png","contentUrl":"https:\/\/komed.hr\/wp-content\/uploads\/2024\/05\/Generalna-logo-KOMED-a.png","width":696,"height":696,"caption":"Komed - Proizvodnja i prodaja laboratorijskihj dijagnosti\u010dkih sredstava, pribora i opreme"},"image":{"@id":"https:\/\/komed.hr\/#\/schema\/logo\/image\/"},"sameAs":["https:\/\/www.facebook.com\/komed.hr","https:\/\/www.linkedin.com\/company\/komed-croatia\/","https:\/\/instagram.com\/komed.hr"]}]}},"_links":{"self":[{"href":"https:\/\/komed.hr\/en\/wp-json\/wp\/v2\/product\/7604","targetHints":{"allow":["GET"]}}],"collection":[{"href":"https:\/\/komed.hr\/en\/wp-json\/wp\/v2\/product"}],"about":[{"href":"https:\/\/komed.hr\/en\/wp-json\/wp\/v2\/types\/product"}],"wp:attachment":[{"href":"https:\/\/komed.hr\/en\/wp-json\/wp\/v2\/media?parent=7604"}],"wp:term":[{"taxonomy":"product_brand","embeddable":true,"href":"https:\/\/komed.hr\/en\/wp-json\/wp\/v2\/product_brand?post=7604"},{"taxonomy":"product_cat","embeddable":true,"href":"https:\/\/komed.hr\/en\/wp-json\/wp\/v2\/product_cat?post=7604"},{"taxonomy":"product_tag","embeddable":true,"href":"https:\/\/komed.hr\/en\/wp-json\/wp\/v2\/product_tag?post=7604"}],"curies":[{"name":"wp","href":"https:\/\/api.w.org\/{rel}","templated":true}]}}