{"id":3694,"date":"2024-04-12T14:59:31","date_gmt":"2024-04-12T12:59:31","guid":{"rendered":"https:\/\/komed.hr\/komed\/"},"modified":"2024-08-19T13:24:58","modified_gmt":"2024-08-19T11:24:58","slug":"komed","status":"publish","type":"page","link":"https:\/\/komed.hr\/de\/","title":{"rendered":"Komed"},"content":{"rendered":"","protected":false},"excerpt":{"rendered":"","protected":false},"author":1,"featured_media":0,"parent":0,"menu_order":0,"comment_status":"open","ping_status":"closed","template":"","meta":{"footnotes":""},"class_list":["post-3694","page","type-page","status-publish","hentry"],"yoast_head":"<!-- This site is optimized with the Yoast SEO plugin v26.2 - https:\/\/yoast.com\/wordpress\/plugins\/seo\/ -->\n<title>Komed - Na povjerenju laboratorijima od 1987.<\/title>\n<meta name=\"description\" content=\"\u0160irok asortiman mikrobiolo\u0161kih podloga i proizvoda te laboratorijskog pribora za provo\u0111enje svih mikrobiolo\u0161kih analiza i istra\u017eivanja.\" \/>\n<meta name=\"robots\" content=\"index, follow, max-snippet:-1, max-image-preview:large, max-video-preview:-1\" \/>\n<link rel=\"canonical\" href=\"https:\/\/komed.hr\/de\/\" \/>\n<meta property=\"og:locale\" content=\"de_DE\" \/>\n<meta property=\"og:type\" content=\"article\" \/>\n<meta property=\"og:title\" content=\"Komed - Na povjerenju laboratorijima od 1987.\" \/>\n<meta property=\"og:description\" content=\"\u0160irok asortiman mikrobiolo\u0161kih podloga i proizvoda te laboratorijskog pribora za provo\u0111enje svih mikrobiolo\u0161kih analiza i istra\u017eivanja.\" \/>\n<meta property=\"og:url\" content=\"https:\/\/komed.hr\/de\/\" \/>\n<meta property=\"og:site_name\" content=\"Komed\" \/>\n<meta property=\"article:publisher\" content=\"https:\/\/www.facebook.com\/komed.hr\" \/>\n<meta property=\"article:modified_time\" content=\"2024-08-19T11:24:58+00:00\" \/>\n<meta property=\"og:image\" content=\"https:\/\/komed.hr\/wp-content\/uploads\/2024\/05\/Generalna-slika-KOMED-a-za-meta-image.png\" \/>\n\t<meta property=\"og:image:width\" content=\"1200\" \/>\n\t<meta property=\"og:image:height\" content=\"675\" \/>\n\t<meta property=\"og:image:type\" content=\"image\/png\" \/>\n<meta name=\"twitter:card\" content=\"summary_large_image\" \/>\n<script type=\"application\/ld+json\" class=\"yoast-schema-graph\">{\"@context\":\"https:\/\/schema.org\",\"@graph\":[{\"@type\":\"WebPage\",\"@id\":\"https:\/\/komed.hr\/de\/\",\"url\":\"https:\/\/komed.hr\/de\/\",\"name\":\"Komed - Na povjerenju laboratorijima od 1987.\",\"isPartOf\":{\"@id\":\"https:\/\/komed.hr\/#website\"},\"datePublished\":\"2024-04-12T12:59:31+00:00\",\"dateModified\":\"2024-08-19T11:24:58+00:00\",\"description\":\"\u0160irok asortiman mikrobiolo\u0161kih podloga i proizvoda te laboratorijskog pribora za provo\u0111enje svih mikrobiolo\u0161kih analiza i istra\u017eivanja.\",\"breadcrumb\":{\"@id\":\"https:\/\/komed.hr\/de\/#breadcrumb\"},\"inLanguage\":\"de\",\"potentialAction\":[{\"@type\":\"ReadAction\",\"target\":[\"https:\/\/komed.hr\/de\/\"]}]},{\"@type\":\"BreadcrumbList\",\"@id\":\"https:\/\/komed.hr\/de\/#breadcrumb\",\"itemListElement\":[{\"@type\":\"ListItem\",\"position\":1,\"name\":\"Po\u010detna stranica\",\"item\":\"https:\/\/komed.hr\/de\/\"},{\"@type\":\"ListItem\",\"position\":2,\"name\":\"Komed\"}]},{\"@type\":\"WebSite\",\"@id\":\"https:\/\/komed.hr\/#website\",\"url\":\"https:\/\/komed.hr\/\",\"name\":\"Komed - Proizvodnja i prodaja laboratorijskihj dijagnosti\u010dkih sredstava, pribora i opreme\",\"description\":\"Proizvodnja i prodaja mikrobiolo\u0161kih podloga, dehidriranih podloga, brzih identifikacijskih testova i laboratorijskog pribora.\",\"publisher\":{\"@id\":\"https:\/\/komed.hr\/#organization\"},\"alternateName\":\"KOMED\",\"potentialAction\":[{\"@type\":\"SearchAction\",\"target\":{\"@type\":\"EntryPoint\",\"urlTemplate\":\"https:\/\/komed.hr\/?s={search_term_string}\"},\"query-input\":{\"@type\":\"PropertyValueSpecification\",\"valueRequired\":true,\"valueName\":\"search_term_string\"}}],\"inLanguage\":\"de\"},{\"@type\":\"Organization\",\"@id\":\"https:\/\/komed.hr\/#organization\",\"name\":\"Komed - Proizvodnja i prodaja laboratorijskihj dijagnosti\u010dkih sredstava, pribora i opreme\",\"alternateName\":\"KOMED d.o.o.\",\"url\":\"https:\/\/komed.hr\/\",\"logo\":{\"@type\":\"ImageObject\",\"inLanguage\":\"de\",\"@id\":\"https:\/\/komed.hr\/#\/schema\/logo\/image\/\",\"url\":\"https:\/\/komed.hr\/wp-content\/uploads\/2024\/05\/Generalna-logo-KOMED-a.png\",\"contentUrl\":\"https:\/\/komed.hr\/wp-content\/uploads\/2024\/05\/Generalna-logo-KOMED-a.png\",\"width\":696,\"height\":696,\"caption\":\"Komed - Proizvodnja i prodaja laboratorijskihj dijagnosti\u010dkih sredstava, pribora i opreme\"},\"image\":{\"@id\":\"https:\/\/komed.hr\/#\/schema\/logo\/image\/\"},\"sameAs\":[\"https:\/\/www.facebook.com\/komed.hr\",\"https:\/\/www.linkedin.com\/company\/komed-croatia\/\",\"https:\/\/instagram.com\/komed.hr\"]}]}<\/script>\n<!-- \/ Yoast SEO plugin. -->","yoast_head_json":{"title":"Komed - Na povjerenju laboratorijima od 1987.","description":"\u0160irok asortiman mikrobiolo\u0161kih podloga i proizvoda te laboratorijskog pribora za provo\u0111enje svih mikrobiolo\u0161kih analiza i istra\u017eivanja.","robots":{"index":"index","follow":"follow","max-snippet":"max-snippet:-1","max-image-preview":"max-image-preview:large","max-video-preview":"max-video-preview:-1"},"canonical":"https:\/\/komed.hr\/de\/","og_locale":"de_DE","og_type":"article","og_title":"Komed - Na povjerenju laboratorijima od 1987.","og_description":"\u0160irok asortiman mikrobiolo\u0161kih podloga i proizvoda te laboratorijskog pribora za provo\u0111enje svih mikrobiolo\u0161kih analiza i istra\u017eivanja.","og_url":"https:\/\/komed.hr\/de\/","og_site_name":"Komed","article_publisher":"https:\/\/www.facebook.com\/komed.hr","article_modified_time":"2024-08-19T11:24:58+00:00","og_image":[{"width":1200,"height":675,"url":"https:\/\/komed.hr\/wp-content\/uploads\/2024\/05\/Generalna-slika-KOMED-a-za-meta-image.png","type":"image\/png"}],"twitter_card":"summary_large_image","schema":{"@context":"https:\/\/schema.org","@graph":[{"@type":"WebPage","@id":"https:\/\/komed.hr\/de\/","url":"https:\/\/komed.hr\/de\/","name":"Komed - Na povjerenju laboratorijima od 1987.","isPartOf":{"@id":"https:\/\/komed.hr\/#website"},"datePublished":"2024-04-12T12:59:31+00:00","dateModified":"2024-08-19T11:24:58+00:00","description":"\u0160irok asortiman mikrobiolo\u0161kih podloga i proizvoda te laboratorijskog pribora za provo\u0111enje svih mikrobiolo\u0161kih analiza i istra\u017eivanja.","breadcrumb":{"@id":"https:\/\/komed.hr\/de\/#breadcrumb"},"inLanguage":"de","potentialAction":[{"@type":"ReadAction","target":["https:\/\/komed.hr\/de\/"]}]},{"@type":"BreadcrumbList","@id":"https:\/\/komed.hr\/de\/#breadcrumb","itemListElement":[{"@type":"ListItem","position":1,"name":"Po\u010detna stranica","item":"https:\/\/komed.hr\/de\/"},{"@type":"ListItem","position":2,"name":"Komed"}]},{"@type":"WebSite","@id":"https:\/\/komed.hr\/#website","url":"https:\/\/komed.hr\/","name":"Komed - Proizvodnja i prodaja laboratorijskihj dijagnosti\u010dkih sredstava, pribora i opreme","description":"Proizvodnja i prodaja mikrobiolo\u0161kih podloga, dehidriranih podloga, brzih identifikacijskih testova i laboratorijskog pribora.","publisher":{"@id":"https:\/\/komed.hr\/#organization"},"alternateName":"KOMED","potentialAction":[{"@type":"SearchAction","target":{"@type":"EntryPoint","urlTemplate":"https:\/\/komed.hr\/?s={search_term_string}"},"query-input":{"@type":"PropertyValueSpecification","valueRequired":true,"valueName":"search_term_string"}}],"inLanguage":"de"},{"@type":"Organization","@id":"https:\/\/komed.hr\/#organization","name":"Komed - Proizvodnja i prodaja laboratorijskihj dijagnosti\u010dkih sredstava, pribora i opreme","alternateName":"KOMED d.o.o.","url":"https:\/\/komed.hr\/","logo":{"@type":"ImageObject","inLanguage":"de","@id":"https:\/\/komed.hr\/#\/schema\/logo\/image\/","url":"https:\/\/komed.hr\/wp-content\/uploads\/2024\/05\/Generalna-logo-KOMED-a.png","contentUrl":"https:\/\/komed.hr\/wp-content\/uploads\/2024\/05\/Generalna-logo-KOMED-a.png","width":696,"height":696,"caption":"Komed - Proizvodnja i prodaja laboratorijskihj dijagnosti\u010dkih sredstava, pribora i opreme"},"image":{"@id":"https:\/\/komed.hr\/#\/schema\/logo\/image\/"},"sameAs":["https:\/\/www.facebook.com\/komed.hr","https:\/\/www.linkedin.com\/company\/komed-croatia\/","https:\/\/instagram.com\/komed.hr"]}]}},"_links":{"self":[{"href":"https:\/\/komed.hr\/de\/wp-json\/wp\/v2\/pages\/3694","targetHints":{"allow":["GET"]}}],"collection":[{"href":"https:\/\/komed.hr\/de\/wp-json\/wp\/v2\/pages"}],"about":[{"href":"https:\/\/komed.hr\/de\/wp-json\/wp\/v2\/types\/page"}],"author":[{"embeddable":true,"href":"https:\/\/komed.hr\/de\/wp-json\/wp\/v2\/users\/1"}],"replies":[{"embeddable":true,"href":"https:\/\/komed.hr\/de\/wp-json\/wp\/v2\/comments?post=3694"}],"version-history":[{"count":0,"href":"https:\/\/komed.hr\/de\/wp-json\/wp\/v2\/pages\/3694\/revisions"}],"wp:attachment":[{"href":"https:\/\/komed.hr\/de\/wp-json\/wp\/v2\/media?parent=3694"}],"curies":[{"name":"wp","href":"https:\/\/api.w.org\/{rel}","templated":true}]}}